{"id":550,"date":"2014-11-19T12:14:42","date_gmt":"2014-11-19T11:14:42","guid":{"rendered":"http:\/\/ad73.de\/hib\/studios-suites\/garden-suite\/"},"modified":"2020-10-01T13:42:41","modified_gmt":"2020-10-01T12:42:41","slug":"garden-suites","status":"publish","type":"page","link":"https:\/\/www.hotelimbunker.de\/en\/studios-suites\/garden-suites\/","title":{"rendered":"Garden Suites"},"content":{"rendered":"<div class=\"wpb-content-wrapper\"><p>[vc_row][vc_column][vc_single_image image=&#8221;318&#8243; img_size=&#8221;full&#8221;][vc_column_text]The <strong>Garden Suits<\/strong> measure ca. 50 square meters. The two leafy terraces of each Garden Suite invite to sit down and relax in the high-quality lounge furniture.<\/p>\n<p>Highest standard interiors consist of a king size bed, a comfortable couch, also usable as sleeping couch, and a lounge set.<\/p>\n<p>The open-built bath has a free standing bathtub as well as a shower; the restroom is separate.<\/p>\n<p>The suites have high-class Italian floor tiles and the under-floor heating provides a warm and welcoming atmosphere.<\/p>\n<p>The partly free-standing kitchen is equipped with a ceramic glass cook top, toaster, microwave, water boiler, crockery and cookware.<\/p>\n<p>Furthermore, we provide Senseo coffee machines, toasters, electric irons and ironing boards for free.[\/vc_column_text][\/vc_column][\/vc_row][vc_row][vc_column width=&#8221;1\/2&#8243;][vc_column_text]<\/p>\n<h3>Garden\u00a0Suites<\/h3>\n<p>[\/vc_column_text][vc_separator][vc_column_text]<\/p>\n<p><em><span lang=\"EN-US\" xml:lang=\"EN-US\">for 1-2 people \/\u00a0<\/span><\/em><em><span lang=\"EN-US\" xml:lang=\"EN-US\">approx 50\u00a0sq. m.<\/span><\/em><\/p>\n<p><strong>Price per night: from 139,00 to 169,00 Euros<br \/><\/strong><em>Further prices on request<\/em><strong><br \/><\/strong><\/p>\n<p>[\/vc_column_text][vc_button title=&#8221;Inquire about your desired room now&#8221; color=&#8221;btn-warning&#8221; href=&#8221;https:\/\/www.hotelimbunker.de\/en\/booking-requests\/&#8221;][\/vc_column][vc_column width=&#8221;1\/2&#8243;][vc_gallery interval=&#8221;3&#8243; images=&#8221;434,435,436,437,438,439,440,441,490&#8243; img_size=&#8221;full&#8221;][\/vc_column][\/vc_row][vc_row][vc_column width=&#8221;1\/2&#8243;][vc_column_text]<\/p>\n<h3>Room facilities<\/h3>\n<p>[\/vc_column_text][vc_separator][vc_column_text]<\/p>\n<ul>\n<li>Kitchenette with cooking and eating utensils<\/li>\n<li>Microwave<\/li>\n<li>Senseo coffee machine<\/li>\n<li>Toaster<\/li>\n<li>Water heater<\/li>\n<li>Open bathroom with freestanding tub with high quality Corian washbasins<\/li>\n<li>Shower in the large penthouse<\/li>\n<li>Separate toilet<\/li>\n<li>Hairdryer<\/li>\n<li>Iron and ironing board<\/li>\n<li>HD-TV with DVD<\/li>\n<\/ul>\n<p>[\/vc_column_text][\/vc_column][vc_column width=&#8221;1\/2&#8243;][vc_column_text]<\/p>\n<h3>Standard equipment of all apartments<\/h3>\n<p>[\/vc_column_text][vc_separator][vc_column_text]<\/p>\n<ul>\n<li>King or queen size beds<\/li>\n<li>Fully equipped kitchen with refrigerator, stove, microwave oven, toaster, kettle, coffee maker, dishes, glasses and cutlery<\/li>\n<li>Selection of coffee and tea specialties<\/li>\n<li>Free high-speed internet access via W-LAN or LAN<\/li>\n<li>Bathroom with bathtub or shower, hairdryer, magnifying mirror<\/li>\n<li>High quality cosmetic set<\/li>\n<li>LCD TVs with satellite television and DVD players<\/li>\n<li>Iron and ironing board<\/li>\n<\/ul>\n<p>[\/vc_column_text][\/vc_column][\/vc_row]<\/p>\n<\/div>","protected":false},"excerpt":{"rendered":"<p>[vc_row][vc_column][vc_single_image image=&#8221;318&#8243; img_size=&#8221;full&#8221;][vc_column_text]The Garden Suits measure ca. 50 square meters. The two leafy terraces of each Garden Suite invite to sit down and relax in the high-quality lounge furniture. Highest standard interiors consist of a king size bed, a comfortable couch, also usable as sleeping couch, and a lounge set.[&#8230;]<\/p>\n","protected":false},"author":4,"featured_media":0,"parent":545,"menu_order":3,"comment_status":"closed","ping_status":"open","template":"","meta":{"footnotes":""},"class_list":["post-550","page","type-page","status-publish","hentry"],"yoast_head":"<!-- This site is optimized with the Yoast SEO plugin v26.3 - https:\/\/yoast.com\/wordpress\/plugins\/seo\/ -->\n<title>Garden Suites - Hotel im Bunker<\/title>\n<meta name=\"description\" content=\"Die Garden Suiten bieten eine offene Wohnfl\u00e4che von ca. 50 qm. Sch\u00f6ne, begr\u00fcnte Terrassen pro Suite mit hochwertigen Loungem\u00f6beln laden zum Entspannen ein.\" \/>\n<meta name=\"robots\" content=\"index, follow, max-snippet:-1, max-image-preview:large, max-video-preview:-1\" \/>\n<link rel=\"canonical\" href=\"https:\/\/www.hotelimbunker.de\/en\/studios-suites\/garden-suites\/\" \/>\n<meta property=\"og:locale\" content=\"en_US\" \/>\n<meta property=\"og:type\" content=\"article\" \/>\n<meta property=\"og:title\" content=\"Garden Suites - Hotel im Bunker\" \/>\n<meta property=\"og:description\" content=\"Die Garden Suiten bieten eine offene Wohnfl\u00e4che von ca. 50 qm. Sch\u00f6ne, begr\u00fcnte Terrassen pro Suite mit hochwertigen Loungem\u00f6beln laden zum Entspannen ein.\" \/>\n<meta property=\"og:url\" content=\"https:\/\/www.hotelimbunker.de\/en\/studios-suites\/garden-suites\/\" \/>\n<meta property=\"og:site_name\" content=\"Hotel im Bunker\" \/>\n<meta property=\"article:modified_time\" content=\"2020-10-01T12:42:41+00:00\" \/>\n<meta name=\"twitter:label1\" content=\"Est. reading time\" \/>\n\t<meta name=\"twitter:data1\" content=\"2 minutes\" \/>\n<script type=\"application\/ld+json\" class=\"yoast-schema-graph\">{\"@context\":\"https:\/\/schema.org\",\"@graph\":[{\"@type\":\"WebPage\",\"@id\":\"https:\/\/www.hotelimbunker.de\/en\/studios-suites\/garden-suites\/\",\"url\":\"https:\/\/www.hotelimbunker.de\/en\/studios-suites\/garden-suites\/\",\"name\":\"Garden Suites - Hotel im Bunker\",\"isPartOf\":{\"@id\":\"https:\/\/www.hotelimbunker.de\/#website\"},\"datePublished\":\"2014-11-19T11:14:42+00:00\",\"dateModified\":\"2020-10-01T12:42:41+00:00\",\"description\":\"Die Garden Suiten bieten eine offene Wohnfl\u00e4che von ca. 50 qm. Sch\u00f6ne, begr\u00fcnte Terrassen pro Suite mit hochwertigen Loungem\u00f6beln laden zum Entspannen ein.\",\"breadcrumb\":{\"@id\":\"https:\/\/www.hotelimbunker.de\/en\/studios-suites\/garden-suites\/#breadcrumb\"},\"inLanguage\":\"en-US\",\"potentialAction\":[{\"@type\":\"ReadAction\",\"target\":[\"https:\/\/www.hotelimbunker.de\/en\/studios-suites\/garden-suites\/\"]}]},{\"@type\":\"BreadcrumbList\",\"@id\":\"https:\/\/www.hotelimbunker.de\/en\/studios-suites\/garden-suites\/#breadcrumb\",\"itemListElement\":[{\"@type\":\"ListItem\",\"position\":1,\"name\":\"Home\",\"item\":\"https:\/\/www.hotelimbunker.de\/en\/home\/\"},{\"@type\":\"ListItem\",\"position\":2,\"name\":\"Studios &#038; Suites\",\"item\":\"https:\/\/www.hotelimbunker.de\/en\/studios-suites\/\"},{\"@type\":\"ListItem\",\"position\":3,\"name\":\"Garden Suites\"}]},{\"@type\":\"WebSite\",\"@id\":\"https:\/\/www.hotelimbunker.de\/#website\",\"url\":\"https:\/\/www.hotelimbunker.de\/\",\"name\":\"Hotel im Bunker\",\"description\":\"\",\"potentialAction\":[{\"@type\":\"SearchAction\",\"target\":{\"@type\":\"EntryPoint\",\"urlTemplate\":\"https:\/\/www.hotelimbunker.de\/?s={search_term_string}\"},\"query-input\":{\"@type\":\"PropertyValueSpecification\",\"valueRequired\":true,\"valueName\":\"search_term_string\"}}],\"inLanguage\":\"en-US\"}]}<\/script>\n<!-- \/ Yoast SEO plugin. -->","yoast_head_json":{"title":"Garden Suites - Hotel im Bunker","description":"Die Garden Suiten bieten eine offene Wohnfl\u00e4che von ca. 50 qm. Sch\u00f6ne, begr\u00fcnte Terrassen pro Suite mit hochwertigen Loungem\u00f6beln laden zum Entspannen ein.","robots":{"index":"index","follow":"follow","max-snippet":"max-snippet:-1","max-image-preview":"max-image-preview:large","max-video-preview":"max-video-preview:-1"},"canonical":"https:\/\/www.hotelimbunker.de\/en\/studios-suites\/garden-suites\/","og_locale":"en_US","og_type":"article","og_title":"Garden Suites - Hotel im Bunker","og_description":"Die Garden Suiten bieten eine offene Wohnfl\u00e4che von ca. 50 qm. Sch\u00f6ne, begr\u00fcnte Terrassen pro Suite mit hochwertigen Loungem\u00f6beln laden zum Entspannen ein.","og_url":"https:\/\/www.hotelimbunker.de\/en\/studios-suites\/garden-suites\/","og_site_name":"Hotel im Bunker","article_modified_time":"2020-10-01T12:42:41+00:00","twitter_misc":{"Est. reading time":"2 minutes"},"schema":{"@context":"https:\/\/schema.org","@graph":[{"@type":"WebPage","@id":"https:\/\/www.hotelimbunker.de\/en\/studios-suites\/garden-suites\/","url":"https:\/\/www.hotelimbunker.de\/en\/studios-suites\/garden-suites\/","name":"Garden Suites - Hotel im Bunker","isPartOf":{"@id":"https:\/\/www.hotelimbunker.de\/#website"},"datePublished":"2014-11-19T11:14:42+00:00","dateModified":"2020-10-01T12:42:41+00:00","description":"Die Garden Suiten bieten eine offene Wohnfl\u00e4che von ca. 50 qm. Sch\u00f6ne, begr\u00fcnte Terrassen pro Suite mit hochwertigen Loungem\u00f6beln laden zum Entspannen ein.","breadcrumb":{"@id":"https:\/\/www.hotelimbunker.de\/en\/studios-suites\/garden-suites\/#breadcrumb"},"inLanguage":"en-US","potentialAction":[{"@type":"ReadAction","target":["https:\/\/www.hotelimbunker.de\/en\/studios-suites\/garden-suites\/"]}]},{"@type":"BreadcrumbList","@id":"https:\/\/www.hotelimbunker.de\/en\/studios-suites\/garden-suites\/#breadcrumb","itemListElement":[{"@type":"ListItem","position":1,"name":"Home","item":"https:\/\/www.hotelimbunker.de\/en\/home\/"},{"@type":"ListItem","position":2,"name":"Studios &#038; Suites","item":"https:\/\/www.hotelimbunker.de\/en\/studios-suites\/"},{"@type":"ListItem","position":3,"name":"Garden Suites"}]},{"@type":"WebSite","@id":"https:\/\/www.hotelimbunker.de\/#website","url":"https:\/\/www.hotelimbunker.de\/","name":"Hotel im Bunker","description":"","potentialAction":[{"@type":"SearchAction","target":{"@type":"EntryPoint","urlTemplate":"https:\/\/www.hotelimbunker.de\/?s={search_term_string}"},"query-input":{"@type":"PropertyValueSpecification","valueRequired":true,"valueName":"search_term_string"}}],"inLanguage":"en-US"}]}},"_links":{"self":[{"href":"https:\/\/www.hotelimbunker.de\/en\/wp-json\/wp\/v2\/pages\/550","targetHints":{"allow":["GET"]}}],"collection":[{"href":"https:\/\/www.hotelimbunker.de\/en\/wp-json\/wp\/v2\/pages"}],"about":[{"href":"https:\/\/www.hotelimbunker.de\/en\/wp-json\/wp\/v2\/types\/page"}],"author":[{"embeddable":true,"href":"https:\/\/www.hotelimbunker.de\/en\/wp-json\/wp\/v2\/users\/4"}],"replies":[{"embeddable":true,"href":"https:\/\/www.hotelimbunker.de\/en\/wp-json\/wp\/v2\/comments?post=550"}],"version-history":[{"count":9,"href":"https:\/\/www.hotelimbunker.de\/en\/wp-json\/wp\/v2\/pages\/550\/revisions"}],"predecessor-version":[{"id":807,"href":"https:\/\/www.hotelimbunker.de\/en\/wp-json\/wp\/v2\/pages\/550\/revisions\/807"}],"up":[{"embeddable":true,"href":"https:\/\/www.hotelimbunker.de\/en\/wp-json\/wp\/v2\/pages\/545"}],"wp:attachment":[{"href":"https:\/\/www.hotelimbunker.de\/en\/wp-json\/wp\/v2\/media?parent=550"}],"curies":[{"name":"wp","href":"https:\/\/api.w.org\/{rel}","templated":true}]}}